{"id":1325,"date":"2026-04-19T07:29:31","date_gmt":"2026-04-19T07:29:31","guid":{"rendered":"https:\/\/yuvalim-cityboy.com\/?page_id=1325"},"modified":"2026-04-19T07:46:34","modified_gmt":"2026-04-19T07:46:34","slug":"declaration-daccessibilite","status":"publish","type":"page","link":"https:\/\/yuvalim-cityboy.com\/fr\/declaration-daccessibilite\/","title":{"rendered":"D\u00e9claration d\u2019accessibilit\u00e9"},"content":{"rendered":"\t\t<div data-elementor-type=\"wp-page\" data-elementor-id=\"1325\" class=\"elementor elementor-1325 elementor-1324\" data-elementor-post-type=\"page\">\n\t\t\t\t<div class=\"elementor-element elementor-element-4691b44 e-con-full e-flex e-con e-parent\" data-id=\"4691b44\" data-element_type=\"container\" data-e-type=\"container\" data-settings=\"{&quot;background_background&quot;:&quot;classic&quot;}\">\n\t\t\t\t<div class=\"elementor-element elementor-element-7f9bb6b elementor-widget elementor-widget-heading\" data-id=\"7f9bb6b\" data-element_type=\"widget\" data-e-type=\"widget\" data-widget_type=\"heading.default\">\n\t\t\t\t\t<h2 class=\"elementor-heading-title elementor-size-default\">D\u00e9claration d\u2019accessibilit\u00e9<\/h2>\t\t\t\t<\/div>\n\t\t\t\t<\/div>\n\t\t<div class=\"elementor-element elementor-element-0a07e71 e-flex e-con-boxed e-con e-parent\" data-id=\"0a07e71\" data-element_type=\"container\" data-e-type=\"container\">\n\t\t\t\t\t<div class=\"e-con-inner\">\n\t\t\t\t<div class=\"elementor-element elementor-element-73d36cd elementor-widget elementor-widget-text-editor\" data-id=\"73d36cd\" data-element_type=\"widget\" data-e-type=\"widget\" data-widget_type=\"text-editor.default\">\n\t\t\t\t\t\t\t\t\t<p data-start=\"2919\" data-end=\"3175\">Yuvalim &#8211; Cityboy s\u2019engage \u00e0 rendre son site web<br data-start=\"2971\" data-end=\"2974\"><a class=\"decorated-link\" href=\"https:\/\/yuvalim-cityboy.com\/fr\/\" target=\"_new\" rel=\"noopener\" data-start=\"2977\" data-end=\"3013\">https:\/\/yuvalim-cityboy.com\/<\/a><br data-start=\"3013\" data-end=\"3016\">accessible \u00e0 tous les utilisateurs, conform\u00e9ment \u00e0 la <strong data-start=\"3064\" data-end=\"3129\">loi isra\u00e9lienne sur l\u2019\u00e9galit\u00e9 des droits pour les personnes handicap\u00e9es (1998)<\/strong> et aux <strong data-start=\"3138\" data-end=\"3174\">r\u00e8glements sur l\u2019accessibilit\u00e9 (2013)<\/strong>.<\/p><p data-start=\"3177\" data-end=\"3371\">Nous consid\u00e9rons l\u2019accessibilit\u00e9 num\u00e9rique comme un \u00e9l\u00e9ment cl\u00e9 pour garantir que tous les utilisateurs, y compris les personnes handicap\u00e9es, puissent acc\u00e9der \u00e0 nos services immobiliers de mani\u00e8re ind\u00e9pendante, simple et confortable.<\/p>\t\t\t\t\t\t\t\t<\/div>\n\t\t\t\t<div class=\"elementor-element elementor-element-b264188 elementor-widget elementor-widget-heading\" data-id=\"b264188\" data-element_type=\"widget\" data-e-type=\"widget\" data-widget_type=\"heading.default\">\n\t\t\t\t\t<h2 class=\"elementor-heading-title elementor-size-default\">\u00c9tat de conformit\u00e9<\/h2>\t\t\t\t<\/div>\n\t\t\t\t<div class=\"elementor-element elementor-element-85f2799 elementor-widget elementor-widget-text-editor\" data-id=\"85f2799\" data-element_type=\"widget\" data-e-type=\"widget\" data-widget_type=\"text-editor.default\">\n\t\t\t\t\t\t\t\t\t<p data-start=\"3400\" data-end=\"3515\">Le site web a \u00e9t\u00e9 d\u00e9velopp\u00e9 conform\u00e9ment aux <strong data-start=\"3454\" data-end=\"3514\">R\u00e8gles pour l\u2019accessibilit\u00e9 des contenus Web (WCAG) 2.0 Niveau AA<\/strong>.<\/p><p data-start=\"3517\" data-end=\"3635\">Actuellement, le site est <strong data-start=\"3540\" data-end=\"3563\">partiellement conforme<\/strong>. Certaines pages ou fonctionnalit\u00e9s peuvent ne pas encore r\u00e9pondre pleinement aux normes d\u2019accessibilit\u00e9. <\/p><p data-start=\"3637\" data-end=\"3686\">Nous travaillons activement \u00e0 l\u2019am\u00e9lioration de l\u2019accessibilit\u00e9.<\/p>\t\t\t\t\t\t\t\t<\/div>\n\t\t\t\t<div class=\"elementor-element elementor-element-0381827 elementor-widget elementor-widget-heading\" data-id=\"0381827\" data-element_type=\"widget\" data-e-type=\"widget\" data-widget_type=\"heading.default\">\n\t\t\t\t\t<h2 class=\"elementor-heading-title elementor-size-default\">Ajustements d\u2019accessibilit\u00e9<\/h2>\t\t\t\t<\/div>\n\t\t\t\t<div class=\"elementor-element elementor-element-13b3c7d elementor-widget elementor-widget-text-editor\" data-id=\"13b3c7d\" data-element_type=\"widget\" data-e-type=\"widget\" data-widget_type=\"text-editor.default\">\n\t\t\t\t\t\t\t\t\t<p data-start=\"3723\" data-end=\"3768\">Les mesures suivantes ont \u00e9t\u00e9 mises en \u0153uvre :<\/p><ul data-start=\"3770\" data-end=\"4060\"><li data-section-id=\"fofz28\" data-start=\"3770\" data-end=\"3801\">Prise en charge de la navigation au clavier<\/li><li data-section-id=\"1g6h8bo\" data-start=\"3802\" data-end=\"3841\">Structure des titres claire et logique<\/li><li data-section-id=\"zeiftq\" data-start=\"3842\" data-end=\"3879\">Compatibilit\u00e9 avec les lecteurs d\u2019\u00e9cran<\/li><li data-section-id=\"17ev8oy\" data-start=\"3880\" data-end=\"3915\">Texte alternatif pour les images cl\u00e9s<\/li><li data-section-id=\"13k7lux\" data-start=\"3916\" data-end=\"3943\">Contraste des couleurs am\u00e9lior\u00e9<\/li><li data-section-id=\"lced93\" data-start=\"3944\" data-end=\"3981\">Conception r\u00e9active pour tous les appareils<\/li><li data-section-id=\"15qwntb\" data-start=\"3982\" data-end=\"4027\">Identification claire des liens et des boutons<\/li><li data-section-id=\"955uls\" data-start=\"4028\" data-end=\"4060\">Formulaires structur\u00e9s et \u00e9tiquet\u00e9s<\/li><\/ul>\t\t\t\t\t\t\t\t<\/div>\n\t\t\t\t<div class=\"elementor-element elementor-element-deaa85c elementor-widget elementor-widget-heading\" data-id=\"deaa85c\" data-element_type=\"widget\" data-e-type=\"widget\" data-widget_type=\"heading.default\">\n\t\t\t\t\t<h2 class=\"elementor-heading-title elementor-size-default\">Limitations connues<\/h2>\t\t\t\t<\/div>\n\t\t\t\t<div class=\"elementor-element elementor-element-bb2774c elementor-widget elementor-widget-text-editor\" data-id=\"bb2774c\" data-element_type=\"widget\" data-e-type=\"widget\" data-widget_type=\"text-editor.default\">\n\t\t\t\t\t\t\t\t\t<p data-start=\"4089\" data-end=\"4151\">Malgr\u00e9 nos efforts, certaines limitations d\u2019accessibilit\u00e9 peuvent exister :<\/p><ul data-start=\"4153\" data-end=\"4413\"><li data-section-id=\"18gcpmt\" data-start=\"4153\" data-end=\"4220\">Certaines images ou galeries immobili\u00e8res peuvent manquer de descriptions compl\u00e8tes<\/li><li data-section-id=\"10wm0n2\" data-start=\"4221\" data-end=\"4287\">Les \u00e9l\u00e9ments interactifs ou les animations peuvent ne pas \u00eatre pleinement accessibles<\/li><li data-section-id=\"1tpia6i\" data-start=\"4288\" data-end=\"4350\">Int\u00e9grations tierces (cartes, vid\u00e9os, outils immobiliers)<\/li><li data-section-id=\"12x9hi8\" data-start=\"4351\" data-end=\"4413\">Les documents externes (par ex. PDF) peuvent ne pas \u00eatre pleinement accessibles<\/li><\/ul>\t\t\t\t\t\t\t\t<\/div>\n\t\t\t\t<div class=\"elementor-element elementor-element-90462ee elementor-widget elementor-widget-heading\" data-id=\"90462ee\" data-element_type=\"widget\" data-e-type=\"widget\" data-widget_type=\"heading.default\">\n\t\t\t\t\t<h2 class=\"elementor-heading-title elementor-size-default\">Contenu tiers<\/h2>\t\t\t\t<\/div>\n\t\t\t\t<div class=\"elementor-element elementor-element-6810ce5 elementor-widget elementor-widget-text-editor\" data-id=\"6810ce5\" data-element_type=\"widget\" data-e-type=\"widget\" data-widget_type=\"text-editor.default\">\n\t\t\t\t\t\t\t\t\t<p data-start=\"4444\" data-end=\"4673\">Le site web peut inclure du contenu tiers tel que Google Maps, des vid\u00e9os int\u00e9gr\u00e9es ou des outils immobiliers.<br data-start=\"4547\" data-end=\"4550\">Nous ne pouvons garantir la pleine conformit\u00e9 en mati\u00e8re d\u2019accessibilit\u00e9 pour ces \u00e9l\u00e9ments, mais nous visons \u00e0 utiliser des fournisseurs accessibles dans la mesure du possible.<\/p>\t\t\t\t\t\t\t\t<\/div>\n\t\t\t\t<div class=\"elementor-element elementor-element-e2fc582 elementor-widget elementor-widget-heading\" data-id=\"e2fc582\" data-element_type=\"widget\" data-e-type=\"widget\" data-widget_type=\"heading.default\">\n\t\t\t\t\t<h2 class=\"elementor-heading-title elementor-size-default\">Contact \u2013 Coordinateur de l\u2019accessibilit\u00e9<\/h2>\t\t\t\t<\/div>\n\t\t\t\t<div class=\"elementor-element elementor-element-10203f9 elementor-widget elementor-widget-text-editor\" data-id=\"10203f9\" data-element_type=\"widget\" data-e-type=\"widget\" data-widget_type=\"text-editor.default\">\n\t\t\t\t\t\t\t\t\t<p data-start=\"4720\" data-end=\"4800\">Si vous rencontrez des probl\u00e8mes d\u2019accessibilit\u00e9 ou si vous avez besoin d\u2019aide, veuillez nous contacter :<\/p><p>T\u00e9l\u00e9phone : *3096<\/p><p data-start=\"4914\" data-end=\"4954\">Nous ferons de notre mieux pour r\u00e9pondre rapidement.<\/p>\t\t\t\t\t\t\t\t<\/div>\n\t\t\t\t<div class=\"elementor-element elementor-element-a673e72 elementor-widget elementor-widget-heading\" data-id=\"a673e72\" data-element_type=\"widget\" data-e-type=\"widget\" data-widget_type=\"heading.default\">\n\t\t\t\t\t<h2 class=\"elementor-heading-title elementor-size-default\">Am\u00e9liorations continues<\/h2>\t\t\t\t<\/div>\n\t\t\t\t<div class=\"elementor-element elementor-element-1264408 elementor-widget elementor-widget-text-editor\" data-id=\"1264408\" data-element_type=\"widget\" data-e-type=\"widget\" data-widget_type=\"text-editor.default\">\n\t\t\t\t\t\t\t\t\t<p data-start=\"4986\" data-end=\"5116\">Yuvalim \u2013 Cityboy travaille continuellement \u00e0 l\u2019am\u00e9lioration de l\u2019accessibilit\u00e9 de son site web dans le cadre de mises \u00e0 jour et de d\u00e9veloppements r\u00e9guliers.<\/p>\t\t\t\t\t\t\t\t<\/div>\n\t\t\t\t<div class=\"elementor-element elementor-element-79480ca elementor-widget elementor-widget-heading\" data-id=\"79480ca\" data-element_type=\"widget\" data-e-type=\"widget\" data-widget_type=\"heading.default\">\n\t\t\t\t\t<h2 class=\"elementor-heading-title elementor-size-default\">Derni\u00e8re mise \u00e0 jour<\/h2>\t\t\t\t<\/div>\n\t\t\t\t<div class=\"elementor-element elementor-element-e5acc47 elementor-widget elementor-widget-text-editor\" data-id=\"e5acc47\" data-element_type=\"widget\" data-e-type=\"widget\" data-widget_type=\"text-editor.default\">\n\t\t\t\t\t\t\t\t\t<p data-start=\"5140\" data-end=\"5220\">Cette d\u00e9claration a \u00e9t\u00e9 mise \u00e0 jour pour la derni\u00e8re fois le : <strong data-start=\"5176\" data-end=\"5220\">19 avril 2026<\/strong><\/p>\t\t\t\t\t\t\t\t<\/div>\n\t\t\t\t\t<\/div>\n\t\t\t\t<\/div>\n\t\t\t\t<\/div>\n\t\t","protected":false},"excerpt":{"rendered":"<p>D\u00e9claration d\u2019accessibilit\u00e9 Yuvalim &#8211; Cityboy s\u2019engage \u00e0 rendre son site webhttps:\/\/yuvalim-cityboy.com\/accessible \u00e0 tous les utilisateurs, conform\u00e9ment \u00e0 la loi isra\u00e9lienne sur l\u2019\u00e9galit\u00e9 des droits pour les personnes handicap\u00e9es (1998) et aux r\u00e8glements sur l\u2019accessibilit\u00e9 (2013). Nous consid\u00e9rons l\u2019accessibilit\u00e9 num\u00e9rique comme un \u00e9l\u00e9ment cl\u00e9 pour garantir que tous les utilisateurs, y compris les personnes handicap\u00e9es, puissent [&hellip;]<\/p>\n","protected":false},"author":1,"featured_media":0,"parent":0,"menu_order":0,"comment_status":"closed","ping_status":"closed","template":"","meta":{"_acf_changed":false,"footnotes":""},"class_list":["post-1325","page","type-page","status-publish","hentry"],"acf":[],"_links":{"self":[{"href":"https:\/\/yuvalim-cityboy.com\/fr\/wp-json\/wp\/v2\/pages\/1325","targetHints":{"allow":["GET"]}}],"collection":[{"href":"https:\/\/yuvalim-cityboy.com\/fr\/wp-json\/wp\/v2\/pages"}],"about":[{"href":"https:\/\/yuvalim-cityboy.com\/fr\/wp-json\/wp\/v2\/types\/page"}],"author":[{"embeddable":true,"href":"https:\/\/yuvalim-cityboy.com\/fr\/wp-json\/wp\/v2\/users\/1"}],"replies":[{"embeddable":true,"href":"https:\/\/yuvalim-cityboy.com\/fr\/wp-json\/wp\/v2\/comments?post=1325"}],"version-history":[{"count":10,"href":"https:\/\/yuvalim-cityboy.com\/fr\/wp-json\/wp\/v2\/pages\/1325\/revisions"}],"predecessor-version":[{"id":1338,"href":"https:\/\/yuvalim-cityboy.com\/fr\/wp-json\/wp\/v2\/pages\/1325\/revisions\/1338"}],"wp:attachment":[{"href":"https:\/\/yuvalim-cityboy.com\/fr\/wp-json\/wp\/v2\/media?parent=1325"}],"curies":[{"name":"wp","href":"https:\/\/api.w.org\/{rel}","templated":true}]}}